{"id":1105,"date":"2025-11-24T13:47:09","date_gmt":"2025-11-24T13:47:09","guid":{"rendered":"https:\/\/besthrpractices.org\/?page_id=1105"},"modified":"2025-11-24T13:47:14","modified_gmt":"2025-11-24T13:47:14","slug":"strategicka-integrace-lidskych-zdroju","status":"publish","type":"page","link":"https:\/\/besthrpractices.org\/cs\/strategicka-integrace-lidskych-zdroju\/","title":{"rendered":"Strategick\u00e1 integrace lidsk\u00fdch zdroj\u016f"},"content":{"rendered":"<div data-elementor-type=\"wp-page\" data-elementor-id=\"1105\" class=\"elementor elementor-1105\">\n\t\t\t\t<div class=\"elementor-element elementor-element-1cd86b34 e-flex e-con-boxed e-con e-parent\" data-id=\"1cd86b34\" data-element_type=\"container\">\n\t\t\t\t\t<div class=\"e-con-inner\">\n\t\t<div class=\"elementor-element elementor-element-326b1796 e-con-full e-flex e-con e-child\" data-id=\"326b1796\" data-element_type=\"container\">\n\t\t\t\t<div class=\"elementor-element elementor-element-7b0dc681 elementor-widget elementor-widget-spacer\" data-id=\"7b0dc681\" data-element_type=\"widget\" data-widget_type=\"spacer.default\">\n\t\t\t\t\t\t\t<div class=\"elementor-spacer\">\n\t\t\t<div class=\"elementor-spacer-inner\"><\/div>\n\t\t<\/div>\n\t\t\t\t\t\t<\/div>\n\t\t\t\t<div class=\"elementor-element elementor-element-676fb3df elementor-widget elementor-widget-heading\" data-id=\"676fb3df\" data-element_type=\"widget\" data-widget_type=\"heading.default\">\n\t\t\t\t\t<h2 class=\"elementor-heading-title elementor-size-default\">Ji\u017e brzy!<\/h2>\t\t\t\t<\/div>\n\t\t\t\t<\/div>\n\t\t\t\t\t<\/div>\n\t\t\t\t<\/div>\n\t\t\t\t<\/div>","protected":false},"excerpt":{"rendered":"<p>Ji\u017e brzy!<\/p>","protected":false},"author":2,"featured_media":0,"parent":0,"menu_order":0,"comment_status":"closed","ping_status":"closed","template":"","meta":{"footnotes":""},"class_list":["post-1105","page","type-page","status-publish","hentry"],"yoast_head":"<!-- This site is optimized with the Yoast SEO plugin v27.2 - https:\/\/yoast.com\/product\/yoast-seo-wordpress\/ -->\n<title>Strategic HR Integration - Best HR Practices<\/title>\n<meta name=\"robots\" content=\"index, follow, max-snippet:-1, max-image-preview:large, max-video-preview:-1\" \/>\n<link rel=\"canonical\" href=\"https:\/\/besthrpractices.org\/cs\/strategicka-integrace-lidskych-zdroju\/\" \/>\n<meta property=\"og:locale\" content=\"cs_CZ\" \/>\n<meta property=\"og:type\" content=\"article\" \/>\n<meta property=\"og:title\" content=\"Strategic HR Integration - Best HR Practices\" \/>\n<meta property=\"og:description\" content=\"Coming soon!\" \/>\n<meta property=\"og:url\" content=\"https:\/\/besthrpractices.org\/cs\/strategicka-integrace-lidskych-zdroju\/\" \/>\n<meta property=\"og:site_name\" content=\"Best HR Practices\" \/>\n<meta property=\"article:publisher\" content=\"https:\/\/www.facebook.com\/people\/Knowhouse-Consulting-Ltd\/61572720546286\/\" \/>\n<meta property=\"article:modified_time\" content=\"2025-11-24T13:47:14+00:00\" \/>\n<meta name=\"twitter:card\" content=\"summary_large_image\" \/>\n<script type=\"application\/ld+json\" class=\"yoast-schema-graph\">{\"@context\":\"https:\/\/schema.org\",\"@graph\":[{\"@type\":\"WebPage\",\"@id\":\"https:\/\/besthrpractices.org\/strategic-hr-integration\/\",\"url\":\"https:\/\/besthrpractices.org\/strategic-hr-integration\/\",\"name\":\"Strategic HR Integration - Best HR Practices\",\"isPartOf\":{\"@id\":\"https:\/\/besthrpractices.org\/#website\"},\"datePublished\":\"2025-11-24T13:47:09+00:00\",\"dateModified\":\"2025-11-24T13:47:14+00:00\",\"breadcrumb\":{\"@id\":\"https:\/\/besthrpractices.org\/strategic-hr-integration\/#breadcrumb\"},\"inLanguage\":\"cs\",\"potentialAction\":[{\"@type\":\"ReadAction\",\"target\":[\"https:\/\/besthrpractices.org\/strategic-hr-integration\/\"]}]},{\"@type\":\"BreadcrumbList\",\"@id\":\"https:\/\/besthrpractices.org\/strategic-hr-integration\/#breadcrumb\",\"itemListElement\":[{\"@type\":\"ListItem\",\"position\":1,\"name\":\"Kezd\u0151lap\",\"item\":\"https:\/\/besthrpractices.org\/\"},{\"@type\":\"ListItem\",\"position\":2,\"name\":\"Strategic HR Integration\"}]},{\"@type\":\"WebSite\",\"@id\":\"https:\/\/besthrpractices.org\/#website\",\"url\":\"https:\/\/besthrpractices.org\/\",\"name\":\"Best HR Practices\",\"description\":\"\",\"publisher\":{\"@id\":\"https:\/\/besthrpractices.org\/#organization\"},\"potentialAction\":[{\"@type\":\"SearchAction\",\"target\":{\"@type\":\"EntryPoint\",\"urlTemplate\":\"https:\/\/besthrpractices.org\/?s={search_term_string}\"},\"query-input\":{\"@type\":\"PropertyValueSpecification\",\"valueRequired\":true,\"valueName\":\"search_term_string\"}}],\"inLanguage\":\"cs\"},{\"@type\":\"Organization\",\"@id\":\"https:\/\/besthrpractices.org\/#organization\",\"name\":\"Best HR Practices\",\"url\":\"https:\/\/besthrpractices.org\/\",\"logo\":{\"@type\":\"ImageObject\",\"inLanguage\":\"cs\",\"@id\":\"https:\/\/besthrpractices.org\/#\/schema\/logo\/image\/\",\"url\":\"https:\/\/besthrpractices.org\/wp-content\/uploads\/2025\/10\/logo-black.png\",\"contentUrl\":\"https:\/\/besthrpractices.org\/wp-content\/uploads\/2025\/10\/logo-black.png\",\"width\":500,\"height\":500,\"caption\":\"Best HR Practices\"},\"image\":{\"@id\":\"https:\/\/besthrpractices.org\/#\/schema\/logo\/image\/\"},\"sameAs\":[\"https:\/\/www.facebook.com\/people\/Knowhouse-Consulting-Ltd\/61572720546286\/\",\"https:\/\/www.linkedin.com\/company\/knowhouse-consulting\/\"]}]}<\/script>\n<!-- \/ Yoast SEO plugin. -->","yoast_head_json":{"title":"Strategick\u00e1 integrace lidsk\u00fdch zdroj\u016f \u2013 osv\u011bd\u010den\u00e9 postupy v oblasti lidsk\u00fdch zdroj\u016f","robots":{"index":"index","follow":"follow","max-snippet":"max-snippet:-1","max-image-preview":"max-image-preview:large","max-video-preview":"max-video-preview:-1"},"canonical":"https:\/\/besthrpractices.org\/cs\/strategicka-integrace-lidskych-zdroju\/","og_locale":"cs_CZ","og_type":"article","og_title":"Strategic HR Integration - Best HR Practices","og_description":"Coming soon!","og_url":"https:\/\/besthrpractices.org\/cs\/strategicka-integrace-lidskych-zdroju\/","og_site_name":"Best HR Practices","article_publisher":"https:\/\/www.facebook.com\/people\/Knowhouse-Consulting-Ltd\/61572720546286\/","article_modified_time":"2025-11-24T13:47:14+00:00","twitter_card":"summary_large_image","schema":{"@context":"https:\/\/schema.org","@graph":[{"@type":"WebPage","@id":"https:\/\/besthrpractices.org\/strategic-hr-integration\/","url":"https:\/\/besthrpractices.org\/strategic-hr-integration\/","name":"Strategick\u00e1 integrace lidsk\u00fdch zdroj\u016f \u2013 osv\u011bd\u010den\u00e9 postupy v oblasti lidsk\u00fdch zdroj\u016f","isPartOf":{"@id":"https:\/\/besthrpractices.org\/#website"},"datePublished":"2025-11-24T13:47:09+00:00","dateModified":"2025-11-24T13:47:14+00:00","breadcrumb":{"@id":"https:\/\/besthrpractices.org\/strategic-hr-integration\/#breadcrumb"},"inLanguage":"cs","potentialAction":[{"@type":"ReadAction","target":["https:\/\/besthrpractices.org\/strategic-hr-integration\/"]}]},{"@type":"BreadcrumbList","@id":"https:\/\/besthrpractices.org\/strategic-hr-integration\/#breadcrumb","itemListElement":[{"@type":"ListItem","position":1,"name":"Kezd\u0151lap","item":"https:\/\/besthrpractices.org\/"},{"@type":"ListItem","position":2,"name":"Strategic HR Integration"}]},{"@type":"WebSite","@id":"https:\/\/besthrpractices.org\/#website","url":"https:\/\/besthrpractices.org\/","name":"Osv\u011bd\u010den\u00e9 postupy v oblasti lidsk\u00fdch zdroj\u016f","description":"","publisher":{"@id":"https:\/\/besthrpractices.org\/#organization"},"potentialAction":[{"@type":"SearchAction","target":{"@type":"EntryPoint","urlTemplate":"https:\/\/besthrpractices.org\/?s={search_term_string}"},"query-input":{"@type":"PropertyValueSpecification","valueRequired":true,"valueName":"search_term_string"}}],"inLanguage":"cs"},{"@type":"Organization","@id":"https:\/\/besthrpractices.org\/#organization","name":"Osv\u011bd\u010den\u00e9 postupy v oblasti lidsk\u00fdch zdroj\u016f","url":"https:\/\/besthrpractices.org\/","logo":{"@type":"ImageObject","inLanguage":"cs","@id":"https:\/\/besthrpractices.org\/#\/schema\/logo\/image\/","url":"https:\/\/besthrpractices.org\/wp-content\/uploads\/2025\/10\/logo-black.png","contentUrl":"https:\/\/besthrpractices.org\/wp-content\/uploads\/2025\/10\/logo-black.png","width":500,"height":500,"caption":"Best HR Practices"},"image":{"@id":"https:\/\/besthrpractices.org\/#\/schema\/logo\/image\/"},"sameAs":["https:\/\/www.facebook.com\/people\/Knowhouse-Consulting-Ltd\/61572720546286\/","https:\/\/www.linkedin.com\/company\/knowhouse-consulting\/"]}]}},"_links":{"self":[{"href":"https:\/\/besthrpractices.org\/cs\/wp-json\/wp\/v2\/pages\/1105","targetHints":{"allow":["GET"]}}],"collection":[{"href":"https:\/\/besthrpractices.org\/cs\/wp-json\/wp\/v2\/pages"}],"about":[{"href":"https:\/\/besthrpractices.org\/cs\/wp-json\/wp\/v2\/types\/page"}],"author":[{"embeddable":true,"href":"https:\/\/besthrpractices.org\/cs\/wp-json\/wp\/v2\/users\/2"}],"replies":[{"embeddable":true,"href":"https:\/\/besthrpractices.org\/cs\/wp-json\/wp\/v2\/comments?post=1105"}],"version-history":[{"count":4,"href":"https:\/\/besthrpractices.org\/cs\/wp-json\/wp\/v2\/pages\/1105\/revisions"}],"predecessor-version":[{"id":1110,"href":"https:\/\/besthrpractices.org\/cs\/wp-json\/wp\/v2\/pages\/1105\/revisions\/1110"}],"wp:attachment":[{"href":"https:\/\/besthrpractices.org\/cs\/wp-json\/wp\/v2\/media?parent=1105"}],"curies":[{"name":"wp","href":"https:\/\/api.w.org\/{rel}","templated":true}]}}