{"id":7209,"date":"2026-02-09T14:16:31","date_gmt":"2026-02-09T14:16:31","guid":{"rendered":"https:\/\/besthrpractices.org\/?page_id=7209"},"modified":"2026-02-11T11:31:11","modified_gmt":"2026-02-11T11:31:11","slug":"muhelymunka","status":"publish","type":"page","link":"https:\/\/besthrpractices.org\/pl\/muhelymunka\/","title":{"rendered":"muhelymunka"},"content":{"rendered":"<div data-elementor-type=\"wp-page\" data-elementor-id=\"7209\" class=\"elementor elementor-7209\">\n\t\t\t\t<div class=\"elementor-element elementor-element-dd39d29 e-flex e-con-boxed e-con e-parent\" data-id=\"dd39d29\" data-element_type=\"container\">\n\t\t\t\t\t<div class=\"e-con-inner\">\n\t\t<div class=\"elementor-element elementor-element-9094bda e-con-full e-flex e-con e-child\" data-id=\"9094bda\" data-element_type=\"container\">\n\t\t\t\t<div class=\"elementor-element elementor-element-02d51ca elementor-widget elementor-widget-spacer\" data-id=\"02d51ca\" data-element_type=\"widget\" data-widget_type=\"spacer.default\">\n\t\t\t\t\t\t\t<div class=\"elementor-spacer\">\n\t\t\t<div class=\"elementor-spacer-inner\"><\/div>\n\t\t<\/div>\n\t\t\t\t\t\t<\/div>\n\t\t\t\t<div class=\"elementor-element elementor-element-fbc7911 elementor-widget elementor-widget-spacer\" data-id=\"fbc7911\" data-element_type=\"widget\" data-widget_type=\"spacer.default\">\n\t\t\t\t\t\t\t<div class=\"elementor-spacer\">\n\t\t\t<div class=\"elementor-spacer-inner\"><\/div>\n\t\t<\/div>\n\t\t\t\t\t\t<\/div>\n\t\t\t\t<div class=\"elementor-element elementor-element-a10840a elementor-widget elementor-widget-text-editor\" data-id=\"a10840a\" data-element_type=\"widget\" data-widget_type=\"text-editor.default\">\n\t\t\t\t\t\t\t\t\t<p>M\u0171helymunka v\u00e1llalati \u00e9s HR vezet\u0151k sz\u00e1m\u00e1ra<\/p>\t\t\t\t\t\t\t\t<\/div>\n\t\t\t\t<div class=\"elementor-element elementor-element-d8b3a59 elementor-widget__width-initial elementor-widget elementor-widget-heading\" data-id=\"d8b3a59\" data-element_type=\"widget\" data-widget_type=\"heading.default\">\n\t\t\t\t\t<h1 class=\"elementor-heading-title elementor-size-default\">HR 2026 \u2013 kevesebb mozg\u00e1st\u00e9r, nagyobb elv\u00e1r\u00e1sok?<\/h1>\t\t\t\t<\/div>\n\t\t\t\t<div class=\"elementor-element elementor-element-c8b9638 elementor-widget elementor-widget-spacer\" data-id=\"c8b9638\" data-element_type=\"widget\" data-widget_type=\"spacer.default\">\n\t\t\t\t\t\t\t<div class=\"elementor-spacer\">\n\t\t\t<div class=\"elementor-spacer-inner\"><\/div>\n\t\t<\/div>\n\t\t\t\t\t\t<\/div>\n\t\t\t\t<div class=\"elementor-element elementor-element-5b01ed0 elementor-widget elementor-widget-heading\" data-id=\"5b01ed0\" data-element_type=\"widget\" data-widget_type=\"heading.default\">\n\t\t\t\t\t<h2 class=\"elementor-heading-title elementor-size-default\">2026. febru\u00e1r 11. (szerda), 10:45-11:45 k\u00f6z\u00f6tt<\/h2>\t\t\t\t<\/div>\n\t\t\t\t<div class=\"elementor-element elementor-element-fc021f1 elementor-widget elementor-widget-heading\" data-id=\"fc021f1\" data-element_type=\"widget\" data-widget_type=\"heading.default\">\n\t\t\t\t\t<h2 class=\"elementor-heading-title elementor-size-default\">Csoportos m\u0171helymunka<\/h2>\t\t\t\t<\/div>\n\t\t\t\t<div class=\"elementor-element elementor-element-669074c elementor-widget elementor-widget-spacer\" data-id=\"669074c\" data-element_type=\"widget\" data-widget_type=\"spacer.default\">\n\t\t\t\t\t\t\t<div class=\"elementor-spacer\">\n\t\t\t<div class=\"elementor-spacer-inner\"><\/div>\n\t\t<\/div>\n\t\t\t\t\t\t<\/div>\n\t\t\t\t<\/div>\n\t\t<div class=\"elementor-element elementor-element-9fed4f4 e-con-full e-flex e-con e-child\" data-id=\"9fed4f4\" data-element_type=\"container\">\n\t\t\t\t<div class=\"elementor-element elementor-element-53d87c3 elementor-widget elementor-widget-spacer\" data-id=\"53d87c3\" data-element_type=\"widget\" data-widget_type=\"spacer.default\">\n\t\t\t\t\t\t\t<div class=\"elementor-spacer\">\n\t\t\t<div class=\"elementor-spacer-inner\"><\/div>\n\t\t<\/div>\n\t\t\t\t\t\t<\/div>\n\t\t\t\t<div class=\"elementor-element elementor-element-c371e22 elementor-widget elementor-widget-image\" data-id=\"c371e22\" data-element_type=\"widget\" data-widget_type=\"image.default\">\n\t\t\t\t\t\t\t\t\t\t\t\t\t\t\t<img fetchpriority=\"high\" decoding=\"async\" width=\"800\" height=\"602\" src=\"https:\/\/besthrpractices.org\/wp-content\/uploads\/2025\/11\/Edit-shape-14.png\" class=\"attachment-large size-large wp-image-1632\" alt=\"\" srcset=\"https:\/\/besthrpractices.org\/wp-content\/uploads\/2025\/11\/Edit-shape-14.png 1000w, https:\/\/besthrpractices.org\/wp-content\/uploads\/2025\/11\/Edit-shape-14-300x226.png 300w, https:\/\/besthrpractices.org\/wp-content\/uploads\/2025\/11\/Edit-shape-14-768x578.png 768w\" sizes=\"(max-width: 800px) 100vw, 800px\" \/>\t\t\t\t\t\t\t\t\t\t\t\t\t\t\t<\/div>\n\t\t\t\t<\/div>\n\t\t\t\t\t<\/div>\n\t\t\t\t<\/div>\n\t\t<div class=\"elementor-element elementor-element-25b0468 e-flex e-con-boxed e-con e-parent\" data-id=\"25b0468\" data-element_type=\"container\">\n\t\t\t\t\t<div class=\"e-con-inner\">\n\t\t<div class=\"elementor-element elementor-element-d69d18f e-con-full e-flex e-con e-child\" data-id=\"d69d18f\" data-element_type=\"container\">\n\t\t\t\t<div class=\"elementor-element elementor-element-b83d0fb elementor-widget elementor-widget-heading\" data-id=\"b83d0fb\" data-element_type=\"widget\" data-widget_type=\"heading.default\">\n\t\t\t\t\t<h1 class=\"elementor-heading-title elementor-size-default\">T\u00e9mak\u00f6r\u00f6k<\/h1>\t\t\t\t<\/div>\n\t\t<div class=\"elementor-element elementor-element-f3b484c e-con-full e-flex e-con e-child\" data-id=\"f3b484c\" data-element_type=\"container\">\n\t\t<div class=\"elementor-element elementor-element-27f9455 e-con-full e-flex e-con e-child\" data-id=\"27f9455\" data-element_type=\"container\">\n\t\t\t\t<div class=\"elementor-element elementor-element-2baf83f elementor-widget elementor-widget-heading\" data-id=\"2baf83f\" data-element_type=\"widget\" data-widget_type=\"heading.default\">\n\t\t\t\t\t<h2 class=\"elementor-heading-title elementor-size-default\">1.asztal:<\/h2>\t\t\t\t<\/div>\n\t\t\t\t<\/div>\n\t\t<div class=\"elementor-element elementor-element-b77185c e-con-full e-flex e-con e-child\" data-id=\"b77185c\" data-element_type=\"container\">\n\t\t\t\t<div class=\"elementor-element elementor-element-80fba1f elementor-align-center elementor-widget__width-initial elementor-widget elementor-widget-button\" data-id=\"80fba1f\" data-element_type=\"widget\" data-widget_type=\"button.default\">\n\t\t\t\t\t\t\t\t\t\t<a class=\"elementor-button elementor-button-link elementor-size-sm elementor-animation-grow\" href=\"https:\/\/besthrpractices.org\/pl\/2026a\/\" target=\"_blank\">\n\t\t\t\t\t\t<span class=\"elementor-button-content-wrapper\">\n\t\t\t\t\t\t\t\t\t<span class=\"elementor-button-text\">A HR strat\u00e9giai be\u00e1gyazotts\u00e1ga<\/span>\n\t\t\t\t\t<\/span>\n\t\t\t\t\t<\/a>\n\t\t\t\t\t\t\t\t<\/div>\n\t\t\t\t<\/div>\n\t\t\t\t<\/div>\n\t\t<div class=\"elementor-element elementor-element-b2f8858 e-con-full e-flex e-con e-child\" data-id=\"b2f8858\" data-element_type=\"container\">\n\t\t<div class=\"elementor-element elementor-element-5409648 e-con-full e-flex e-con e-child\" data-id=\"5409648\" data-element_type=\"container\">\n\t\t\t\t<div class=\"elementor-element elementor-element-73ade76 elementor-widget elementor-widget-heading\" data-id=\"73ade76\" data-element_type=\"widget\" data-widget_type=\"heading.default\">\n\t\t\t\t\t<h2 class=\"elementor-heading-title elementor-size-default\">2. asztal:<\/h2>\t\t\t\t<\/div>\n\t\t\t\t<\/div>\n\t\t<div class=\"elementor-element elementor-element-c1ae934 e-con-full e-flex e-con e-child\" data-id=\"c1ae934\" data-element_type=\"container\">\n\t\t\t\t<div class=\"elementor-element elementor-element-6c249df elementor-align-center elementor-widget__width-initial elementor-widget elementor-widget-button\" data-id=\"6c249df\" data-element_type=\"widget\" data-widget_type=\"button.default\">\n\t\t\t\t\t\t\t\t\t\t<a class=\"elementor-button elementor-button-link elementor-size-sm elementor-animation-grow\" href=\"https:\/\/besthrpractices.org\/pl\/2026b\/\" target=\"_blank\">\n\t\t\t\t\t\t<span class=\"elementor-button-content-wrapper\">\n\t\t\t\t\t\t\t\t\t<span class=\"elementor-button-text\">Digitaliz\u00e1ci\u00f3 \u00e9s adatvez\u00e9relt m\u0171k\u00f6d\u00e9s<\/span>\n\t\t\t\t\t<\/span>\n\t\t\t\t\t<\/a>\n\t\t\t\t\t\t\t\t<\/div>\n\t\t\t\t<div class=\"elementor-element elementor-element-d7489b0 elementor-align-center elementor-widget__width-initial elementor-widget elementor-widget-button\" data-id=\"d7489b0\" data-element_type=\"widget\" data-widget_type=\"button.default\">\n\t\t\t\t\t\t\t\t\t\t<a class=\"elementor-button elementor-button-link elementor-size-sm elementor-animation-grow\" href=\"https:\/\/besthrpractices.org\/pl\/kep\/\" target=\"_blank\">\n\t\t\t\t\t\t<span class=\"elementor-button-content-wrapper\">\n\t\t\t\t\t\t\t\t\t<span class=\"elementor-button-text\">csoport munka eredm\u00e9nye<\/span>\n\t\t\t\t\t<\/span>\n\t\t\t\t\t<\/a>\n\t\t\t\t\t\t\t\t<\/div>\n\t\t\t\t<\/div>\n\t\t\t\t<\/div>\n\t\t<div class=\"elementor-element elementor-element-8b99cb0 e-con-full e-flex e-con e-child\" data-id=\"8b99cb0\" data-element_type=\"container\">\n\t\t<div class=\"elementor-element elementor-element-6e5c97d e-con-full e-flex e-con e-child\" data-id=\"6e5c97d\" data-element_type=\"container\">\n\t\t\t\t<div class=\"elementor-element elementor-element-0a56ade elementor-widget elementor-widget-heading\" data-id=\"0a56ade\" data-element_type=\"widget\" data-widget_type=\"heading.default\">\n\t\t\t\t\t<h2 class=\"elementor-heading-title elementor-size-default\">3. asztal:<\/h2>\t\t\t\t<\/div>\n\t\t\t\t<\/div>\n\t\t<div class=\"elementor-element elementor-element-bbe20f8 e-con-full e-flex e-con e-child\" data-id=\"bbe20f8\" data-element_type=\"container\">\n\t\t\t\t<div class=\"elementor-element elementor-element-7ee7a7e elementor-align-center elementor-widget__width-initial elementor-widget elementor-widget-button\" data-id=\"7ee7a7e\" data-element_type=\"widget\" data-widget_type=\"button.default\">\n\t\t\t\t\t\t\t\t\t\t<a class=\"elementor-button elementor-button-link elementor-size-sm elementor-animation-grow\" href=\"https:\/\/besthrpractices.org\/pl\/2026c\/\" target=\"_blank\">\n\t\t\t\t\t\t<span class=\"elementor-button-content-wrapper\">\n\t\t\t\t\t\t\t\t\t<span class=\"elementor-button-text\">Ut\u00e1np\u00f3tl\u00e1s-fejleszt\u00e9s<\/span>\n\t\t\t\t\t<\/span>\n\t\t\t\t\t<\/a>\n\t\t\t\t\t\t\t\t<\/div>\n\t\t\t\t<\/div>\n\t\t\t\t<\/div>\n\t\t<div class=\"elementor-element elementor-element-41e54e5 e-con-full e-flex e-con e-child\" data-id=\"41e54e5\" data-element_type=\"container\">\n\t\t<div class=\"elementor-element elementor-element-4687943 e-con-full e-flex e-con e-child\" data-id=\"4687943\" data-element_type=\"container\">\n\t\t\t\t<div class=\"elementor-element elementor-element-7895d71 elementor-widget elementor-widget-heading\" data-id=\"7895d71\" data-element_type=\"widget\" data-widget_type=\"heading.default\">\n\t\t\t\t\t<h2 class=\"elementor-heading-title elementor-size-default\">4. asztal:<\/h2>\t\t\t\t<\/div>\n\t\t\t\t<\/div>\n\t\t<div class=\"elementor-element elementor-element-1bab954 e-con-full e-flex e-con e-child\" data-id=\"1bab954\" data-element_type=\"container\">\n\t\t\t\t<div class=\"elementor-element elementor-element-7cae4ac elementor-align-center elementor-widget__width-initial elementor-widget elementor-widget-button\" data-id=\"7cae4ac\" data-element_type=\"widget\" data-widget_type=\"button.default\">\n\t\t\t\t\t\t\t\t\t\t<a class=\"elementor-button elementor-button-link elementor-size-sm elementor-animation-grow\" href=\"https:\/\/besthrpractices.org\/pl\/2026d\/\" target=\"_blank\">\n\t\t\t\t\t\t<span class=\"elementor-button-content-wrapper\">\n\t\t\t\t\t\t\t\t\t<span class=\"elementor-button-text\">Munkak\u00f6ri \u00e9s szereple\u00edr\u00e1sok \u00fajragondol\u00e1sa<\/span>\n\t\t\t\t\t<\/span>\n\t\t\t\t\t<\/a>\n\t\t\t\t\t\t\t\t<\/div>\n\t\t\t\t<\/div>\n\t\t\t\t<\/div>\n\t\t<div class=\"elementor-element elementor-element-0060ddc e-con-full e-flex e-con e-child\" data-id=\"0060ddc\" data-element_type=\"container\">\n\t\t<div class=\"elementor-element elementor-element-0d1f931 e-con-full e-flex e-con e-child\" data-id=\"0d1f931\" data-element_type=\"container\">\n\t\t\t\t<div class=\"elementor-element elementor-element-57b7611 elementor-widget elementor-widget-heading\" data-id=\"57b7611\" data-element_type=\"widget\" data-widget_type=\"heading.default\">\n\t\t\t\t\t<h2 class=\"elementor-heading-title elementor-size-default\">5. asztal:<\/h2>\t\t\t\t<\/div>\n\t\t\t\t<\/div>\n\t\t<div class=\"elementor-element elementor-element-4d9cf34 e-con-full e-flex e-con e-child\" data-id=\"4d9cf34\" data-element_type=\"container\">\n\t\t\t\t<div class=\"elementor-element elementor-element-268c735 elementor-align-center elementor-widget__width-initial elementor-widget elementor-widget-button\" data-id=\"268c735\" data-element_type=\"widget\" data-widget_type=\"button.default\">\n\t\t\t\t\t\t\t\t\t\t<a class=\"elementor-button elementor-button-link elementor-size-sm elementor-animation-grow\" href=\"https:\/\/besthrpractices.org\/pl\/2026e\/\" target=\"_blank\">\n\t\t\t\t\t\t<span class=\"elementor-button-content-wrapper\">\n\t\t\t\t\t\t\t\t\t<span class=\"elementor-button-text\">Teljes\u00edtm\u00e9nymenedzsment rendszerek<\/span>\n\t\t\t\t\t<\/span>\n\t\t\t\t\t<\/a>\n\t\t\t\t\t\t\t\t<\/div>\n\t\t\t\t<\/div>\n\t\t\t\t<\/div>\n\t\t\t\t<\/div>\n\t\t\t\t\t<\/div>\n\t\t\t\t<\/div>\n\t\t\t\t<\/div>","protected":false},"excerpt":{"rendered":"<p>M\u0171helymunka v\u00e1llalati \u00e9s HR vezet\u0151k sz\u00e1m\u00e1ra HR 2026 - kevesebb mozg\u00e1st\u00e9r, nagyobb elv\u00e1r\u00e1sok? 2026. febru\u00e1r 11. (szerda), 10:45-11:45 k\u00f6z\u00f6tt Csoportos m\u0171helymunka T\u00e9mak\u00f6r\u00f6k 1.asztal: Strategie HR 2. asztal: Digitaliz\u00e1ci\u00f3 \u00e9s adatvez\u00e9relt m\u0171k\u00f6d\u00e9s csoport munka eredm\u00e9nye 3. asztal: Ut\u00e1np\u00f3tl\u00e1s-fejleszt\u00e9s 4. asztal: Munkak\u00f6ri \u00e9s szereple\u00edr\u00e1sok \u00fajragondol\u00e1sa 5. asztal: Teljes\u00edtm\u00e9nymenedzsment rendszerek<\/p>","protected":false},"author":2,"featured_media":0,"parent":0,"menu_order":0,"comment_status":"closed","ping_status":"closed","template":"","meta":{"footnotes":""},"class_list":["post-7209","page","type-page","status-publish","hentry"],"yoast_head":"<!-- This site is optimized with the Yoast SEO plugin v27.2 - https:\/\/yoast.com\/product\/yoast-seo-wordpress\/ -->\n<title>muhelymunka - Best HR Practices<\/title>\n<meta name=\"robots\" content=\"index, follow, max-snippet:-1, max-image-preview:large, max-video-preview:-1\" \/>\n<link rel=\"canonical\" href=\"https:\/\/besthrpractices.org\/pl\/muhelymunka\/\" \/>\n<meta property=\"og:locale\" content=\"pl_PL\" \/>\n<meta property=\"og:type\" content=\"article\" \/>\n<meta property=\"og:title\" content=\"muhelymunka - Best HR Practices\" \/>\n<meta property=\"og:description\" content=\"M\u0171helymunka v\u00e1llalati \u00e9s HR vezet\u0151k sz\u00e1m\u00e1ra HR 2026 \u2013 kevesebb mozg\u00e1st\u00e9r, nagyobb elv\u00e1r\u00e1sok? 2026. febru\u00e1r 11. (szerda), 10:45-11:45 k\u00f6z\u00f6tt Csoportos m\u0171helymunka T\u00e9mak\u00f6r\u00f6k 1.asztal: A HR strat\u00e9giai be\u00e1gyazotts\u00e1ga 2. asztal: Digitaliz\u00e1ci\u00f3 \u00e9s adatvez\u00e9relt m\u0171k\u00f6d\u00e9s csoport munka eredm\u00e9nye 3. asztal: Ut\u00e1np\u00f3tl\u00e1s-fejleszt\u00e9s 4. asztal: Munkak\u00f6ri \u00e9s szereple\u00edr\u00e1sok \u00fajragondol\u00e1sa 5. asztal: Teljes\u00edtm\u00e9nymenedzsment rendszerek\" \/>\n<meta property=\"og:url\" content=\"https:\/\/besthrpractices.org\/pl\/muhelymunka\/\" \/>\n<meta property=\"og:site_name\" content=\"Best HR Practices\" \/>\n<meta property=\"article:publisher\" content=\"https:\/\/www.facebook.com\/people\/Knowhouse-Consulting-Ltd\/61572720546286\/\" \/>\n<meta property=\"article:modified_time\" content=\"2026-02-11T11:31:11+00:00\" \/>\n<meta property=\"og:image\" content=\"https:\/\/besthrpractices.org\/wp-content\/uploads\/2025\/11\/Edit-shape-14.png\" \/>\n\t<meta property=\"og:image:width\" content=\"1000\" \/>\n\t<meta property=\"og:image:height\" content=\"752\" \/>\n\t<meta property=\"og:image:type\" content=\"image\/png\" \/>\n<meta name=\"twitter:card\" content=\"summary_large_image\" \/>\n<meta name=\"twitter:label1\" content=\"Szacowany czas czytania\" \/>\n\t<meta name=\"twitter:data1\" content=\"1 minuta\" \/>\n<script type=\"application\/ld+json\" class=\"yoast-schema-graph\">{\"@context\":\"https:\/\/schema.org\",\"@graph\":[{\"@type\":\"WebPage\",\"@id\":\"https:\/\/besthrpractices.org\/muhelymunka\/\",\"url\":\"https:\/\/besthrpractices.org\/muhelymunka\/\",\"name\":\"muhelymunka - Best HR Practices\",\"isPartOf\":{\"@id\":\"https:\/\/besthrpractices.org\/#website\"},\"primaryImageOfPage\":{\"@id\":\"https:\/\/besthrpractices.org\/muhelymunka\/#primaryimage\"},\"image\":{\"@id\":\"https:\/\/besthrpractices.org\/muhelymunka\/#primaryimage\"},\"thumbnailUrl\":\"https:\/\/besthrpractices.org\/wp-content\/uploads\/2025\/11\/Edit-shape-14.png\",\"datePublished\":\"2026-02-09T14:16:31+00:00\",\"dateModified\":\"2026-02-11T11:31:11+00:00\",\"breadcrumb\":{\"@id\":\"https:\/\/besthrpractices.org\/muhelymunka\/#breadcrumb\"},\"inLanguage\":\"pl-PL\",\"potentialAction\":[{\"@type\":\"ReadAction\",\"target\":[\"https:\/\/besthrpractices.org\/muhelymunka\/\"]}]},{\"@type\":\"ImageObject\",\"inLanguage\":\"pl-PL\",\"@id\":\"https:\/\/besthrpractices.org\/muhelymunka\/#primaryimage\",\"url\":\"https:\/\/besthrpractices.org\/wp-content\/uploads\/2025\/11\/Edit-shape-14.png\",\"contentUrl\":\"https:\/\/besthrpractices.org\/wp-content\/uploads\/2025\/11\/Edit-shape-14.png\"},{\"@type\":\"BreadcrumbList\",\"@id\":\"https:\/\/besthrpractices.org\/muhelymunka\/#breadcrumb\",\"itemListElement\":[{\"@type\":\"ListItem\",\"position\":1,\"name\":\"Kezd\u0151lap\",\"item\":\"https:\/\/besthrpractices.org\/\"},{\"@type\":\"ListItem\",\"position\":2,\"name\":\"muhelymunka\"}]},{\"@type\":\"WebSite\",\"@id\":\"https:\/\/besthrpractices.org\/#website\",\"url\":\"https:\/\/besthrpractices.org\/\",\"name\":\"Best HR Practices\",\"description\":\"\",\"publisher\":{\"@id\":\"https:\/\/besthrpractices.org\/#organization\"},\"potentialAction\":[{\"@type\":\"SearchAction\",\"target\":{\"@type\":\"EntryPoint\",\"urlTemplate\":\"https:\/\/besthrpractices.org\/?s={search_term_string}\"},\"query-input\":{\"@type\":\"PropertyValueSpecification\",\"valueRequired\":true,\"valueName\":\"search_term_string\"}}],\"inLanguage\":\"pl-PL\"},{\"@type\":\"Organization\",\"@id\":\"https:\/\/besthrpractices.org\/#organization\",\"name\":\"Best HR Practices\",\"url\":\"https:\/\/besthrpractices.org\/\",\"logo\":{\"@type\":\"ImageObject\",\"inLanguage\":\"pl-PL\",\"@id\":\"https:\/\/besthrpractices.org\/#\/schema\/logo\/image\/\",\"url\":\"https:\/\/besthrpractices.org\/wp-content\/uploads\/2025\/10\/logo-black.png\",\"contentUrl\":\"https:\/\/besthrpractices.org\/wp-content\/uploads\/2025\/10\/logo-black.png\",\"width\":500,\"height\":500,\"caption\":\"Best HR Practices\"},\"image\":{\"@id\":\"https:\/\/besthrpractices.org\/#\/schema\/logo\/image\/\"},\"sameAs\":[\"https:\/\/www.facebook.com\/people\/Knowhouse-Consulting-Ltd\/61572720546286\/\",\"https:\/\/www.linkedin.com\/company\/knowhouse-consulting\/\"]}]}<\/script>\n<!-- \/ Yoast SEO plugin. -->","yoast_head_json":{"title":"muhelymunka - Best HR Practices","robots":{"index":"index","follow":"follow","max-snippet":"max-snippet:-1","max-image-preview":"max-image-preview:large","max-video-preview":"max-video-preview:-1"},"canonical":"https:\/\/besthrpractices.org\/pl\/muhelymunka\/","og_locale":"pl_PL","og_type":"article","og_title":"muhelymunka - Best HR Practices","og_description":"M\u0171helymunka v\u00e1llalati \u00e9s HR vezet\u0151k sz\u00e1m\u00e1ra HR 2026 \u2013 kevesebb mozg\u00e1st\u00e9r, nagyobb elv\u00e1r\u00e1sok? 2026. febru\u00e1r 11. (szerda), 10:45-11:45 k\u00f6z\u00f6tt Csoportos m\u0171helymunka T\u00e9mak\u00f6r\u00f6k 1.asztal: A HR strat\u00e9giai be\u00e1gyazotts\u00e1ga 2. asztal: Digitaliz\u00e1ci\u00f3 \u00e9s adatvez\u00e9relt m\u0171k\u00f6d\u00e9s csoport munka eredm\u00e9nye 3. asztal: Ut\u00e1np\u00f3tl\u00e1s-fejleszt\u00e9s 4. asztal: Munkak\u00f6ri \u00e9s szereple\u00edr\u00e1sok \u00fajragondol\u00e1sa 5. asztal: Teljes\u00edtm\u00e9nymenedzsment rendszerek","og_url":"https:\/\/besthrpractices.org\/pl\/muhelymunka\/","og_site_name":"Best HR Practices","article_publisher":"https:\/\/www.facebook.com\/people\/Knowhouse-Consulting-Ltd\/61572720546286\/","article_modified_time":"2026-02-11T11:31:11+00:00","og_image":[{"width":1000,"height":752,"url":"https:\/\/besthrpractices.org\/wp-content\/uploads\/2025\/11\/Edit-shape-14.png","type":"image\/png"}],"twitter_card":"summary_large_image","twitter_misc":{"Szacowany czas czytania":"1 minuta"},"schema":{"@context":"https:\/\/schema.org","@graph":[{"@type":"WebPage","@id":"https:\/\/besthrpractices.org\/muhelymunka\/","url":"https:\/\/besthrpractices.org\/muhelymunka\/","name":"muhelymunka - Best HR Practices","isPartOf":{"@id":"https:\/\/besthrpractices.org\/#website"},"primaryImageOfPage":{"@id":"https:\/\/besthrpractices.org\/muhelymunka\/#primaryimage"},"image":{"@id":"https:\/\/besthrpractices.org\/muhelymunka\/#primaryimage"},"thumbnailUrl":"https:\/\/besthrpractices.org\/wp-content\/uploads\/2025\/11\/Edit-shape-14.png","datePublished":"2026-02-09T14:16:31+00:00","dateModified":"2026-02-11T11:31:11+00:00","breadcrumb":{"@id":"https:\/\/besthrpractices.org\/muhelymunka\/#breadcrumb"},"inLanguage":"pl-PL","potentialAction":[{"@type":"ReadAction","target":["https:\/\/besthrpractices.org\/muhelymunka\/"]}]},{"@type":"ImageObject","inLanguage":"pl-PL","@id":"https:\/\/besthrpractices.org\/muhelymunka\/#primaryimage","url":"https:\/\/besthrpractices.org\/wp-content\/uploads\/2025\/11\/Edit-shape-14.png","contentUrl":"https:\/\/besthrpractices.org\/wp-content\/uploads\/2025\/11\/Edit-shape-14.png"},{"@type":"BreadcrumbList","@id":"https:\/\/besthrpractices.org\/muhelymunka\/#breadcrumb","itemListElement":[{"@type":"ListItem","position":1,"name":"Kezd\u0151lap","item":"https:\/\/besthrpractices.org\/"},{"@type":"ListItem","position":2,"name":"muhelymunka"}]},{"@type":"WebSite","@id":"https:\/\/besthrpractices.org\/#website","url":"https:\/\/besthrpractices.org\/","name":"Najlepsze praktyki HR","description":"","publisher":{"@id":"https:\/\/besthrpractices.org\/#organization"},"potentialAction":[{"@type":"SearchAction","target":{"@type":"EntryPoint","urlTemplate":"https:\/\/besthrpractices.org\/?s={search_term_string}"},"query-input":{"@type":"PropertyValueSpecification","valueRequired":true,"valueName":"search_term_string"}}],"inLanguage":"pl-PL"},{"@type":"Organization","@id":"https:\/\/besthrpractices.org\/#organization","name":"Najlepsze praktyki HR","url":"https:\/\/besthrpractices.org\/","logo":{"@type":"ImageObject","inLanguage":"pl-PL","@id":"https:\/\/besthrpractices.org\/#\/schema\/logo\/image\/","url":"https:\/\/besthrpractices.org\/wp-content\/uploads\/2025\/10\/logo-black.png","contentUrl":"https:\/\/besthrpractices.org\/wp-content\/uploads\/2025\/10\/logo-black.png","width":500,"height":500,"caption":"Best HR Practices"},"image":{"@id":"https:\/\/besthrpractices.org\/#\/schema\/logo\/image\/"},"sameAs":["https:\/\/www.facebook.com\/people\/Knowhouse-Consulting-Ltd\/61572720546286\/","https:\/\/www.linkedin.com\/company\/knowhouse-consulting\/"]}]}},"_links":{"self":[{"href":"https:\/\/besthrpractices.org\/pl\/wp-json\/wp\/v2\/pages\/7209","targetHints":{"allow":["GET"]}}],"collection":[{"href":"https:\/\/besthrpractices.org\/pl\/wp-json\/wp\/v2\/pages"}],"about":[{"href":"https:\/\/besthrpractices.org\/pl\/wp-json\/wp\/v2\/types\/page"}],"author":[{"embeddable":true,"href":"https:\/\/besthrpractices.org\/pl\/wp-json\/wp\/v2\/users\/2"}],"replies":[{"embeddable":true,"href":"https:\/\/besthrpractices.org\/pl\/wp-json\/wp\/v2\/comments?post=7209"}],"version-history":[{"count":49,"href":"https:\/\/besthrpractices.org\/pl\/wp-json\/wp\/v2\/pages\/7209\/revisions"}],"predecessor-version":[{"id":7444,"href":"https:\/\/besthrpractices.org\/pl\/wp-json\/wp\/v2\/pages\/7209\/revisions\/7444"}],"wp:attachment":[{"href":"https:\/\/besthrpractices.org\/pl\/wp-json\/wp\/v2\/media?parent=7209"}],"curies":[{"name":"wp","href":"https:\/\/api.w.org\/{rel}","templated":true}]}}